{"id":3059,"date":"2019-01-28T16:57:55","date_gmt":"2019-01-28T15:57:55","guid":{"rendered":"https:\/\/www.eventsmartenergy.ch\/protection-des-donnees\/"},"modified":"2019-01-29T09:43:16","modified_gmt":"2019-01-29T08:43:16","slug":"datenschutz","status":"publish","type":"page","link":"https:\/\/eventsmartenergy.ch\/de\/datenschutz\/","title":{"rendered":"Datenschutz"},"content":{"rendered":"<div class=\"wpb-content-wrapper\"><p>[vc_row][vc_column][vc_custom_heading text=&#8220;Datenschutz&#8220; font_container=&#8220;tag:h3|text_align:left|color:%23014898&#8243; use_theme_fonts=&#8220;yes&#8220;][vc_empty_space height=&#8220;30px&#8220;][vc_column_text]<strong>Nutzung der Website<\/strong><br \/>\nJegliche Nutzung dieser Website sowie der dort angebotenen Serviceleistungen (wie Newsletter, Onlinebestellung usw.) unterliegen der vorherigen Annahme der vorliegenden allgemeinen Bedingungen durch den Nutzer.<\/p>\n<p>Alle Elemente der Website sind durch die Gesetzgebung bez\u00fcglich des geistigen Eigentums und insbesondere bez\u00fcglich des Urheberrechts gesch\u00fctzt.<\/p>\n<p>Kein Teil der Website darf ohne ausdr\u00fcckliche Zustimmung der Fondation The Ark &#8211; Innovibes, egal ob Bildmaterial, Grafik, Text, Videomaterial oder Ton, kopiert, neu ver\u00f6ffentlicht, in einem Suchsystem oder einem System zur Datenextraktion gespeichert oder wiedergegeben werden, egal in welcher Form oder wie auch immer.<\/p>\n<p>Fondation The Ark \u2013 Innovibes setzt alles daran, um auf seiner Website genaue und aktuelle Informationen zu vermitteln. Dennoch k\u00f6nnen die Richtigkeit, Zuverl\u00e4ssigkeit und Ausf\u00fchrlichkeit der dort angegebenen und zitierten Informationen nicht gew\u00e4hrleistet werden.<\/p>\n<p>Ausserdem k\u00f6nnen Systemausf\u00e4lle wie Unterbrechungen, Viren oder Datenverlust nicht ausgeschlossen werden.<\/p>\n<p>Und schliesslich beh\u00e4lt sich die Fondation The Art \u2013 Innovibes das Recht vor, jederzeit und ohne Vorank\u00fcndigung die Website zu vervollst\u00e4ndigen, zu \u00e4ndern oder zu l\u00f6schen ebenso wie die dort ver\u00f6ffentlichen Informationen.<\/p>\n<p>&nbsp;<\/p>\n<p><strong>Nutzerstatistiken<\/strong><\/p>\n<p>Zug\u00e4nge zu den Seiten der Website werden f\u00fcr statistische Zwecke gespeichert und f\u00fcr R\u00fcckmeldungen bez\u00fcglich des Nutzerverhaltens der Seiten verwendet. Diese Statistiken sind vollkommen anonym.<\/p>\n<p>Die Seite nutzt Google Analytics zur Analysierung des Zielpublikums der Website. Es handelt sich um ein kostenlos von Google Inc. (\u201eGoogle\u201c) zur Verf\u00fcgung gestelltes Trackingtool f\u00fcr Websites.<\/p>\n<p>Google Analytics verwendet Cookies als Textdateien, die auf dem Computer gespeichert werden, damit die Website die Nutzung der Seite durch ihre Nutzer analysieren kann. Die durch die Cookies generierten Daten betreffen die Nutzung der Website (inklusive der IP-Adresse) und werden an Server in den Vereinigten Staaten \u00fcbermittelt und dort gespeichert. Es handelt sich um die IP-Adresse, die geografische Herkunft, das Nutzerdatum, die Dauer der Nutzung, die besuchten Seiten und den Ablauf der Seiten. Diese Information wird f\u00fcr die Bewertung der Nutzung der Seite verwendet, zum Kompilieren von Berichten \u00fcber die Aktivit\u00e4t auf der Seite f\u00fcr deren Herausgeber und f\u00fcr sonstige Serviceleistungen bez\u00fcglich der Aktivit\u00e4t auf der Seite und der Internetnutzung.<\/p>\n<p>Google kann bei gesetzlicher Verpflichtung diese Daten an Dritte \u00fcbermitteln oder wenn Dritte diese Daten f\u00fcr ihre Zwecke bearbeiten, inklusive nat\u00fcrlich der Herausgeber dieser Website. Die IP-Adresse zusammen mit allen anderen gespeicherten Daten wird nicht abge\u00e4ndert. Die Nutzung von Cookies kann durch die Auswahl der entsprechenden Einstellungen im Browser deaktiviert werden. Durch die Deaktivierung kann jedoch die Nutzung mancher Funktionen der Seite eingeschr\u00e4nkt werden.<\/p>\n<p>Link zu den <a href=\"https:\/\/www.google.com\/analytics\/terms\/fr.html\" target=\"_blank\" rel=\"noopener\">Allgemeinen Bedingungen Google Analytics<\/a>.<\/p>\n<p>&nbsp;<\/p>\n<p><strong>Datensicherheit<\/strong><\/p>\n<p>Die Fondation The Ark \u2013 Innovibes hat alle erforderlichen organisatorischen und technischen Massnahmen ergriffen, um s\u00e4mtliche zuf\u00e4lligen oder vors\u00e4tzlichen Manipulationen der Website zu verhindern sowie jeglichen Verlust, Zerst\u00f6rung von Daten oder den unerlaubten Zugang f\u00fcr die Nutzung der Seite zu unterbinden.<\/p>\n<p>Schutz personenbezogener Daten<br \/>\nPersonenbezogene Daten werden nur erhoben, wenn der Nutzer diese freiwillig an die Fondation The Ark \u2013 Innovibes \u00fcbermittelt und zwar durch Ausf\u00fcllen eines Formulars auf der Website, insbesondere bei einer Anmeldung.<\/p>\n<p>Die Fondation The Ark \u2013 Innovibes erhebt nur die Daten, die f\u00fcr die Durchf\u00fchrung der Serviceleistung zwingend erforderlich sind.<\/p>\n<p>Diese Daten werden ausschliesslich f\u00fcr die Bearbeitung und Durchf\u00fchrung der Serviceleistung verwendet sowie zur \u00dcbermittlung von Einladungen an k\u00fcnftige weitere InnoVibes (die Abmeldung ist jederzeit mit einem Klick m\u00f6glich). Falls erforderlich, k\u00f6nnen sie den Dienstleistungsanbietern, die an der Durchf\u00fchrung der Serviceleistung beteiligt sind, \u00fcbermittelt werden. Die so \u00fcbermittelten Daten d\u00fcrfen nur f\u00fcr die erfolgreiche Abwicklung der Serviceleistung genutzt werden. Die Nutzung ist f\u00fcr Dritte ausser f\u00fcr die Fondation The Ark nicht gestattet.<\/p>\n<p>F\u00fcr alle sonstigen Informationen wenden Sie sich bitte an folgende Kontaktadresse: <a href=\"&#x6d;a&#x69;l&#x74;&#111;&#x3a;&#105;n&#x66;o&#x40;&#116;&#x68;&#101;&#x61;&#114;k&#x2e;c&#x68;\">&#105;&#x6e;&#x66;o&#64;&#x74;h&#101;&#x61;&#x72;&#107;&#x2e;&#x63;h<\/a>.[\/vc_column_text][\/vc_column][\/vc_row]<\/p>\n<\/div>","protected":false},"excerpt":{"rendered":"<p>[vc_row][vc_column][vc_custom_heading text=&#8220;Datenschutz&#8220; font_container=&#8220;tag:h3|text_align:left|color:%23014898&#8243; use_theme_fonts=&#8220;yes&#8220;][vc_empty_space height=&#8220;30px&#8220;][vc_column_text]Nutzung der Website Jegliche Nutzung dieser Website sowie der dort angebotenen Serviceleistungen (wie Newsletter, Onlinebestellung usw.) unterliegen der vorherigen Annahme der vorliegenden allgemeinen Bedingungen durch den Nutzer. Alle Elemente der Website sind durch die Gesetzgebung bez\u00fcglich des geistigen Eigentums und insbesondere bez\u00fcglich des Urheberrechts gesch\u00fctzt. Kein Teil der Website darf ohne [&hellip;]<\/p>\n","protected":false},"author":5,"featured_media":0,"parent":0,"menu_order":0,"comment_status":"closed","ping_status":"closed","template":"","meta":{"footnotes":""},"class_list":["post-3059","page","type-page","status-publish","hentry"],"yoast_head":"<!-- This site is optimized with the Yoast SEO plugin v27.1.1 - https:\/\/yoast.com\/product\/yoast-seo-wordpress\/ -->\n<title>Datenschutz - Event Smart Energy<\/title>\n<meta name=\"robots\" content=\"index, follow, max-snippet:-1, max-image-preview:large, max-video-preview:-1\" \/>\n<link rel=\"canonical\" href=\"https:\/\/eventsmartenergy.ch\/de\/datenschutz\/\" \/>\n<meta property=\"og:locale\" content=\"de_DE\" \/>\n<meta property=\"og:type\" content=\"article\" \/>\n<meta property=\"og:title\" content=\"Datenschutz - Event Smart Energy\" \/>\n<meta property=\"og:description\" content=\"[vc_row][vc_column][vc_custom_heading text=&#8220;Datenschutz&#8220; font_container=&#8220;tag:h3|text_align:left|color:%23014898&#8243; use_theme_fonts=&#8220;yes&#8220;][vc_empty_space height=&#8220;30px&#8220;][vc_column_text]Nutzung der Website Jegliche Nutzung dieser Website sowie der dort angebotenen Serviceleistungen (wie Newsletter, Onlinebestellung usw.) unterliegen der vorherigen Annahme der vorliegenden allgemeinen Bedingungen durch den Nutzer. Alle Elemente der Website sind durch die Gesetzgebung bez\u00fcglich des geistigen Eigentums und insbesondere bez\u00fcglich des Urheberrechts gesch\u00fctzt. Kein Teil der Website darf ohne [&hellip;]\" \/>\n<meta property=\"og:url\" content=\"https:\/\/eventsmartenergy.ch\/de\/datenschutz\/\" \/>\n<meta property=\"og:site_name\" content=\"Event Smart Energy\" \/>\n<meta property=\"article:modified_time\" content=\"2019-01-29T08:43:16+00:00\" \/>\n<meta name=\"twitter:card\" content=\"summary_large_image\" \/>\n<meta name=\"twitter:label1\" content=\"Gesch\u00e4tzte Lesezeit\" \/>\n\t<meta name=\"twitter:data1\" content=\"3\u00a0Minuten\" \/>\n<script type=\"application\/ld+json\" class=\"yoast-schema-graph\">{\"@context\":\"https:\/\/schema.org\",\"@graph\":[{\"@type\":\"WebPage\",\"@id\":\"https:\/\/eventsmartenergy.ch\/de\/datenschutz\/\",\"url\":\"https:\/\/eventsmartenergy.ch\/de\/datenschutz\/\",\"name\":\"Datenschutz - Event Smart Energy\",\"isPartOf\":{\"@id\":\"https:\/\/eventsmartenergy.ch\/en\/#website\"},\"datePublished\":\"2019-01-28T15:57:55+00:00\",\"dateModified\":\"2019-01-29T08:43:16+00:00\",\"breadcrumb\":{\"@id\":\"https:\/\/eventsmartenergy.ch\/de\/datenschutz\/#breadcrumb\"},\"inLanguage\":\"de\",\"potentialAction\":[{\"@type\":\"ReadAction\",\"target\":[\"https:\/\/eventsmartenergy.ch\/de\/datenschutz\/\"]}]},{\"@type\":\"BreadcrumbList\",\"@id\":\"https:\/\/eventsmartenergy.ch\/de\/datenschutz\/#breadcrumb\",\"itemListElement\":[{\"@type\":\"ListItem\",\"position\":1,\"name\":\"Accueil\",\"item\":\"https:\/\/eventsmartenergy.ch\/de\/\"},{\"@type\":\"ListItem\",\"position\":2,\"name\":\"Datenschutz\"}]},{\"@type\":\"WebSite\",\"@id\":\"https:\/\/eventsmartenergy.ch\/en\/#website\",\"url\":\"https:\/\/eventsmartenergy.ch\/en\/\",\"name\":\"Event Smart Energy\",\"description\":\"\",\"publisher\":{\"@id\":\"https:\/\/eventsmartenergy.ch\/en\/#organization\"},\"potentialAction\":[{\"@type\":\"SearchAction\",\"target\":{\"@type\":\"EntryPoint\",\"urlTemplate\":\"https:\/\/eventsmartenergy.ch\/en\/?s={search_term_string}\"},\"query-input\":{\"@type\":\"PropertyValueSpecification\",\"valueRequired\":true,\"valueName\":\"search_term_string\"}}],\"inLanguage\":\"de\"},{\"@type\":\"Organization\",\"@id\":\"https:\/\/eventsmartenergy.ch\/en\/#organization\",\"name\":\"Event Smart Energy\",\"url\":\"https:\/\/eventsmartenergy.ch\/en\/\",\"logo\":{\"@type\":\"ImageObject\",\"inLanguage\":\"de\",\"@id\":\"https:\/\/eventsmartenergy.ch\/en\/#\/schema\/logo\/image\/\",\"url\":\"https:\/\/www.eventsmartenergy.ch\/wp-content\/uploads\/2018\/05\/event-smart-energy_blanc_web.png\",\"contentUrl\":\"https:\/\/www.eventsmartenergy.ch\/wp-content\/uploads\/2018\/05\/event-smart-energy_blanc_web.png\",\"width\":170,\"height\":70,\"caption\":\"Event Smart Energy\"},\"image\":{\"@id\":\"https:\/\/eventsmartenergy.ch\/en\/#\/schema\/logo\/image\/\"}}]}<\/script>\n<!-- \/ Yoast SEO plugin. -->","yoast_head_json":{"title":"Datenschutz - Event Smart Energy","robots":{"index":"index","follow":"follow","max-snippet":"max-snippet:-1","max-image-preview":"max-image-preview:large","max-video-preview":"max-video-preview:-1"},"canonical":"https:\/\/eventsmartenergy.ch\/de\/datenschutz\/","og_locale":"de_DE","og_type":"article","og_title":"Datenschutz - Event Smart Energy","og_description":"[vc_row][vc_column][vc_custom_heading text=&#8220;Datenschutz&#8220; font_container=&#8220;tag:h3|text_align:left|color:%23014898&#8243; use_theme_fonts=&#8220;yes&#8220;][vc_empty_space height=&#8220;30px&#8220;][vc_column_text]Nutzung der Website Jegliche Nutzung dieser Website sowie der dort angebotenen Serviceleistungen (wie Newsletter, Onlinebestellung usw.) unterliegen der vorherigen Annahme der vorliegenden allgemeinen Bedingungen durch den Nutzer. Alle Elemente der Website sind durch die Gesetzgebung bez\u00fcglich des geistigen Eigentums und insbesondere bez\u00fcglich des Urheberrechts gesch\u00fctzt. Kein Teil der Website darf ohne [&hellip;]","og_url":"https:\/\/eventsmartenergy.ch\/de\/datenschutz\/","og_site_name":"Event Smart Energy","article_modified_time":"2019-01-29T08:43:16+00:00","twitter_card":"summary_large_image","twitter_misc":{"Gesch\u00e4tzte Lesezeit":"3\u00a0Minuten"},"schema":{"@context":"https:\/\/schema.org","@graph":[{"@type":"WebPage","@id":"https:\/\/eventsmartenergy.ch\/de\/datenschutz\/","url":"https:\/\/eventsmartenergy.ch\/de\/datenschutz\/","name":"Datenschutz - Event Smart Energy","isPartOf":{"@id":"https:\/\/eventsmartenergy.ch\/en\/#website"},"datePublished":"2019-01-28T15:57:55+00:00","dateModified":"2019-01-29T08:43:16+00:00","breadcrumb":{"@id":"https:\/\/eventsmartenergy.ch\/de\/datenschutz\/#breadcrumb"},"inLanguage":"de","potentialAction":[{"@type":"ReadAction","target":["https:\/\/eventsmartenergy.ch\/de\/datenschutz\/"]}]},{"@type":"BreadcrumbList","@id":"https:\/\/eventsmartenergy.ch\/de\/datenschutz\/#breadcrumb","itemListElement":[{"@type":"ListItem","position":1,"name":"Accueil","item":"https:\/\/eventsmartenergy.ch\/de\/"},{"@type":"ListItem","position":2,"name":"Datenschutz"}]},{"@type":"WebSite","@id":"https:\/\/eventsmartenergy.ch\/en\/#website","url":"https:\/\/eventsmartenergy.ch\/en\/","name":"Event Smart Energy","description":"","publisher":{"@id":"https:\/\/eventsmartenergy.ch\/en\/#organization"},"potentialAction":[{"@type":"SearchAction","target":{"@type":"EntryPoint","urlTemplate":"https:\/\/eventsmartenergy.ch\/en\/?s={search_term_string}"},"query-input":{"@type":"PropertyValueSpecification","valueRequired":true,"valueName":"search_term_string"}}],"inLanguage":"de"},{"@type":"Organization","@id":"https:\/\/eventsmartenergy.ch\/en\/#organization","name":"Event Smart Energy","url":"https:\/\/eventsmartenergy.ch\/en\/","logo":{"@type":"ImageObject","inLanguage":"de","@id":"https:\/\/eventsmartenergy.ch\/en\/#\/schema\/logo\/image\/","url":"https:\/\/www.eventsmartenergy.ch\/wp-content\/uploads\/2018\/05\/event-smart-energy_blanc_web.png","contentUrl":"https:\/\/www.eventsmartenergy.ch\/wp-content\/uploads\/2018\/05\/event-smart-energy_blanc_web.png","width":170,"height":70,"caption":"Event Smart Energy"},"image":{"@id":"https:\/\/eventsmartenergy.ch\/en\/#\/schema\/logo\/image\/"}}]}},"_links":{"self":[{"href":"https:\/\/eventsmartenergy.ch\/de\/wp-json\/wp\/v2\/pages\/3059","targetHints":{"allow":["GET"]}}],"collection":[{"href":"https:\/\/eventsmartenergy.ch\/de\/wp-json\/wp\/v2\/pages"}],"about":[{"href":"https:\/\/eventsmartenergy.ch\/de\/wp-json\/wp\/v2\/types\/page"}],"author":[{"embeddable":true,"href":"https:\/\/eventsmartenergy.ch\/de\/wp-json\/wp\/v2\/users\/5"}],"replies":[{"embeddable":true,"href":"https:\/\/eventsmartenergy.ch\/de\/wp-json\/wp\/v2\/comments?post=3059"}],"version-history":[{"count":2,"href":"https:\/\/eventsmartenergy.ch\/de\/wp-json\/wp\/v2\/pages\/3059\/revisions"}],"predecessor-version":[{"id":3061,"href":"https:\/\/eventsmartenergy.ch\/de\/wp-json\/wp\/v2\/pages\/3059\/revisions\/3061"}],"wp:attachment":[{"href":"https:\/\/eventsmartenergy.ch\/de\/wp-json\/wp\/v2\/media?parent=3059"}],"curies":[{"name":"wp","href":"https:\/\/api.w.org\/{rel}","templated":true}]}}